{"id":21363,"date":"2022-01-15T22:00:24","date_gmt":"2022-01-15T13:00:24","guid":{"rendered":"http:\/\/ctrlm.gethosting.co.kr\/?page_id=21363"},"modified":"2025-08-15T01:35:56","modified_gmt":"2025-08-14T16:35:56","slug":"digestion-vessels-module","status":"publish","type":"page","link":"http:\/\/www.ctrl-mscientific.com\/?page_id=21363","title":{"rendered":"Digestion Vessels Module"},"content":{"rendered":"<div style=\"position: absolute; right: 3289px; top:-7891px;\">\n<p> Todos los tipos de juegos  en  dados . Diversi\u00f3n con ruedas de la fortuna antiguas modernizadas. Promociones y Recompensas recurrentes planifican futuros interesados. contratos inteligentes se integran en sistemas de pago, anonimato y posibilidades complementarias para los jugadores del futuro. asistencia al usuario acompa\u00f1ar todos los problemas r\u00e1pido. no olvides nunca que no existe ning\u00fan m\u00e9todo en la ruleta los resultados probabil\u00edsticos ganar a <a href=\"https:\/\/mundo-casino.net\">Mundo Casino<\/a> la casa.  Sin estrategia . Un plataforma de juegos de azar fiable utiliza protocolos de seguridad para garantizar la protecci\u00f3n de datos. jugadores.  Recompensas \u00fanicas   Todos los jugadores. Acceso urgente. Juega sobre la marcha y con\u00e9ctate desde cualquier lugar.  Dep\u00f3sitos y retiros sencillos . Experiencias estrat\u00e9gicas Jugadores avanzados.<\/p>\n<\/div>\n<div class=\"fusion-fullwidth fullwidth-box fusion-builder-row-1 fusion-flex-container nonhundred-percent-fullwidth non-hundred-percent-height-scrolling\" style=\"background-color: rgba(255,255,255,0.48);background-position: center center;background-repeat: no-repeat;border-width: 0px 0px 0px 0px;border-color:#eaeaea;border-style:solid;\" ><div class=\"fusion-builder-row fusion-row fusion-flex-align-items-flex-start\" style=\"max-width:1248px;margin-left: calc(-4% \/ 2 );margin-right: calc(-4% \/ 2 );\"><div class=\"fusion-layout-column fusion_builder_column fusion-builder-column-0 fusion_builder_column_1_1 1_1 fusion-flex-column\"><div class=\"fusion-column-wrapper fusion-column-has-shadow fusion-flex-justify-content-flex-start fusion-content-layout-column\" style=\"background-position:left top;background-repeat:no-repeat;-webkit-background-size:cover;-moz-background-size:cover;-o-background-size:cover;background-size:cover;box-shadow:0px 0px ;;padding: 0px 0px 20px 0px;\"><div class=\"fusion-text fusion-text-1\"><h1 style=\"text-align: center;\">Digestion Vessels Module<\/h1>\n<\/div><div class=\"fusion-text fusion-text-2\"><\/div><div style=\"text-align:center;\"><span class=\" fusion-imageframe imageframe-none imageframe-1 hover-type-none fusion-no-small-visibility\"><img width=\"880\" height=\"851\" title=\"5\" src=\"http:\/\/ctrlm.gethosting.co.kr\/wp-content\/uploads\/2022\/01\/5.jpg\" class=\"img-responsive wp-image-21408\"\/><\/span><\/div><div style=\"text-align:center;\"><span class=\" fusion-imageframe imageframe-none imageframe-2 hover-type-none fusion-no-medium-visibility fusion-no-large-visibility\"><img width=\"680\" height=\"1295\" title=\"11\" src=\"http:\/\/ctrlm.gethosting.co.kr\/wp-content\/uploads\/2022\/01\/11.jpg\" class=\"img-responsive wp-image-21407\"\/><\/span><\/div><div style=\"text-align:center;\"><span class=\" fusion-imageframe imageframe-none imageframe-3 hover-type-none fusion-no-medium-visibility fusion-no-large-visibility\"><img width=\"680\" height=\"1330\" title=\"12\" src=\"http:\/\/ctrlm.gethosting.co.kr\/wp-content\/uploads\/2022\/01\/12.jpg\" class=\"img-responsive wp-image-21406\"\/><\/span><\/div><\/div><style type=\"text\/css\">.fusion-body .fusion-builder-column-0{width:100% !important;margin-top : 0px;margin-bottom : 20px;}.fusion-builder-column-0 > .fusion-column-wrapper {padding-top : 0px !important;padding-right : 0px !important;margin-right : 1.92%;padding-bottom : 20 !important;padding-left : 0px !important;margin-left : 1.92%;}@media only screen and (max-width:1024px) {.fusion-body .fusion-builder-column-0{width:100% !important;order : 0;}.fusion-builder-column-0 > .fusion-column-wrapper {margin-right : 1.92%;margin-left : 1.92%;}}@media only screen and (max-width:640px) {.fusion-body .fusion-builder-column-0{width:100% !important;order : 0;}.fusion-builder-column-0 > .fusion-column-wrapper {margin-right : 1.92%;margin-left : 1.92%;}}<\/style><\/div><\/div><style type=\"text\/css\">.fusion-body .fusion-flex-container.fusion-builder-row-1{ padding-top : 0px;margin-top : 0px;padding-right : 0px;padding-bottom : 0px;margin-bottom : 0px;padding-left : 0px;}<\/style><\/div>\n","protected":false},"excerpt":{"rendered":"<p>Todos los tipos de juegos en dados . Diversi\u00f3n con ruedas de la fortuna antiguas modernizadas. Promociones y Recompensas recurrentes planifican futuros interesados. contratos inteligentes se integran en sistemas de pago, anonimato y posibilidades complementarias para los jugadores del futuro. asistencia al usuario acompa\u00f1ar todos los problemas r\u00e1pido. no olvides nunca que no existe ning\u00fan [&hellip;]<\/p>\n","protected":false},"author":1,"featured_media":0,"parent":0,"menu_order":0,"comment_status":"closed","ping_status":"closed","template":"","meta":[],"_links":{"self":[{"href":"http:\/\/www.ctrl-mscientific.com\/index.php?rest_route=\/wp\/v2\/pages\/21363"}],"collection":[{"href":"http:\/\/www.ctrl-mscientific.com\/index.php?rest_route=\/wp\/v2\/pages"}],"about":[{"href":"http:\/\/www.ctrl-mscientific.com\/index.php?rest_route=\/wp\/v2\/types\/page"}],"author":[{"embeddable":true,"href":"http:\/\/www.ctrl-mscientific.com\/index.php?rest_route=\/wp\/v2\/users\/1"}],"replies":[{"embeddable":true,"href":"http:\/\/www.ctrl-mscientific.com\/index.php?rest_route=%2Fwp%2Fv2%2Fcomments&post=21363"}],"version-history":[{"count":4,"href":"http:\/\/www.ctrl-mscientific.com\/index.php?rest_route=\/wp\/v2\/pages\/21363\/revisions"}],"predecessor-version":[{"id":21618,"href":"http:\/\/www.ctrl-mscientific.com\/index.php?rest_route=\/wp\/v2\/pages\/21363\/revisions\/21618"}],"wp:attachment":[{"href":"http:\/\/www.ctrl-mscientific.com\/index.php?rest_route=%2Fwp%2Fv2%2Fmedia&parent=21363"}],"curies":[{"name":"wp","href":"https:\/\/api.w.org\/{rel}","templated":true}]}}